{"id":1936,"date":"2023-06-09T12:30:57","date_gmt":"2023-06-09T12:30:57","guid":{"rendered":"https:\/\/skills4life-project.com\/?page_id=1936"},"modified":"2023-10-06T07:37:09","modified_gmt":"2023-10-06T07:37:09","slug":"project-activities","status":"publish","type":"page","link":"https:\/\/skills4life-project.com\/it\/project-activities\/","title":{"rendered":"Attivit\u00e0 del progetto"},"content":{"rendered":"<div data-elementor-type=\"wp-page\" data-elementor-id=\"1936\" class=\"elementor elementor-1936\" data-elementor-settings=\"{&quot;ha_cmc_init_switcher&quot;:&quot;no&quot;}\" data-elementor-post-type=\"page\">\n\t\t\t\t\t\t<section class=\"elementor-section elementor-top-section elementor-element elementor-element-6f57d69 elementor-section-height-min-height elementor-section-boxed elementor-section-height-default elementor-section-items-middle\" data-id=\"6f57d69\" data-element_type=\"section\" data-e-type=\"section\" data-settings=\"{&quot;background_background&quot;:&quot;classic&quot;,&quot;_ha_eqh_enable&quot;:false}\">\n\t\t\t\t\t\t<div class=\"elementor-container elementor-column-gap-default\">\n\t\t\t\t\t<div class=\"elementor-column elementor-col-100 elementor-top-column elementor-element elementor-element-47228c7\" data-id=\"47228c7\" data-element_type=\"column\" data-e-type=\"column\">\n\t\t\t<div class=\"elementor-widget-wrap elementor-element-populated\">\n\t\t\t\t\t\t<div class=\"elementor-element elementor-element-745baeb ha-has-bg-overlay elementor-widget elementor-widget-heading\" data-id=\"745baeb\" data-element_type=\"widget\" data-e-type=\"widget\" data-widget_type=\"heading.default\">\n\t\t\t\t<div class=\"elementor-widget-container\">\n\t\t\t\t\t<h2 class=\"elementor-heading-title elementor-size-default\">Attivit\u00e0 del progetto<\/h2>\t\t\t\t<\/div>\n\t\t\t\t<\/div>\n\t\t\t\t\t<\/div>\n\t\t<\/div>\n\t\t\t\t\t<\/div>\n\t\t<\/section>\n\t\t\t\t<section class=\"elementor-section elementor-top-section elementor-element elementor-element-b083c17 elementor-section-boxed elementor-section-height-default elementor-section-height-default\" data-id=\"b083c17\" data-element_type=\"section\" data-e-type=\"section\" data-settings=\"{&quot;_ha_eqh_enable&quot;:false}\">\n\t\t\t\t\t\t<div class=\"elementor-container elementor-column-gap-default\">\n\t\t\t\t\t<div class=\"elementor-column elementor-col-100 elementor-top-column elementor-element elementor-element-43ee491\" data-id=\"43ee491\" data-element_type=\"column\" data-e-type=\"column\">\n\t\t\t<div class=\"elementor-widget-wrap elementor-element-populated\">\n\t\t\t\t\t\t<div class=\"elementor-element elementor-element-c289ab0 elementor-widget elementor-widget-text-editor\" data-id=\"c289ab0\" data-element_type=\"widget\" data-e-type=\"widget\" data-widget_type=\"text-editor.default\">\n\t\t\t\t<div class=\"elementor-widget-container\">\n\t\t\t\t\t\t\t\t\t<p><b><br><\/b><\/p><p><b>Multiplier Events<\/b><\/p>\n<p><b>&nbsp;<\/b><\/p>\n<p>&nbsp;Quattro Multiplier Events, uno in ciascun Paese partecipante, saranno organizzati dai partner del progetto per promuovere i risultati del progetto. Ogni evento si rivolger\u00e0 specificamente a direttori di carcere, professionisti del settore, personale penitenziario, ricercatori, responsabili politici, funzionari governativi, scuole carcerarie, organizzazioni della societ\u00e0 civile, organizzazioni giovanili, ONG, operatori del settore, ecc. Sar\u00e0 organizzato in modo da coinvolgere i partecipanti nazionali, ma ci saranno anche alcune presentazioni transnazionali per illustrare che il problema affrontato dal progetto \u00e8 un problema di tutta l'UE per il quale \u00e8 necessario cercare una soluzione a livello europeo.<\/p>\n<p>Multiplier event in France\tMultiplier event in Francia<\/p>\n<p>Multiplier event nel Regno Unito.<\/p>\n<p>Multiplier event in Grecia<\/p>\n<p>Multiplier event in Italia<\/p><p><br><\/p><p><br><\/p>\n<p><\/p>\n<p><\/p>\n<p><b>Eventi formativi<\/b><\/p>\n<p><b>&nbsp;<\/b><\/p>\n<p>Il progetto Skills4Life organizzer\u00e0 un'attivit\u00e0 di formazione transnazionale per gli operatori penitenziari sulla metodologia e l'approccio del progetto. L'obiettivo finale di questa attivit\u00e0 \u00e8 quello di gettare le basi essenziali e di dotare le carceri e gli operatori penitenziari di tutte le competenze necessarie per impiegare la metodologia Skills4Life nel loro contesto carcerario. Questo processo mira a una forte familiarizzazione dei partecipanti con le metodologie del progetto.<\/p>\n<p>I rappresentanti di ciascuna delle otto (8) carceri che sperimenteranno la metodologia Skills4Life parteciperanno alla \"Formazione dei formatori Skills4Life\" che sar\u00e0 organizzata dall'Universit\u00e0 del Gloucestershire, a Cheltenhman, nel Regno Unito. Al termine di questo processo, tutti i partecipanti a questa ampia attivit\u00e0 di formazione per lo sviluppo delle capacit\u00e0 dovrebbero tornare nelle loro carceri, condividere la metodologia \"Skills4Life\" e svolgere attivit\u00e0 di apprendimento tra pari. Questa formazione di apprendimento tra pari prevede metodologie e approcci pratici per la pratica in classe e l'uso di lezioni o attivit\u00e0 campione.<\/p>\n<p>Programma della formazione<\/p>\n<p>Foto<\/p><p><br><\/p><p><br><\/p>\n<p><\/p>\n<p><b>Conferenza biennale EPEA<\/b><\/p>\n<p><b>&nbsp;<\/b><\/p>\n<p>Il principale evento di divulgazione del progetto \u00e8 la presentazione dei risultati e dei deliverable del progetto durante la Conferenza EPEA 2023, il cui tema generale \u00e8 \"Educazione in carcere. Sfide, esperienze e soluzioni quotidiane\". La Conferenza EPEA \u00e8 il pi\u00f9 grande evento europeo nel campo dell'istruzione carceraria che riunisce tutti gli operatori e le organizzazioni pi\u00f9 rappresentative nel campo dell'istruzione carceraria provenienti da carceri europee, scuole carcerarie, autorit\u00e0 pubbliche e organizzazioni della societ\u00e0 civile. La Conferenza EPEA offrir\u00e0 l'opportunit\u00e0 di presentare al pi\u00f9 ampio e rilevante pubblico europeo e internazionale la metodologia e i prodotti Skills4Life.<\/p>\n<p><\/p>\n<p>La Conferenza EPEA 2023 ospiter\u00e0 un workshop tematico specificamente dedicato al progetto \"Skills4Life\". Questo workshop \u00e8 l'evento di disseminazione finale del progetto, poich\u00e9 presenter\u00e0 la totalit\u00e0 del lavoro svolto e promuover\u00e0 l'impegno attivo di tutte le parti interessate in attivit\u00e0 future simili. Durante il workshop saranno evidenziati tutti gli aspetti e i risultati del progetto, concentrandosi sulle innovazioni dei prodotti, sulla loro sostenibilit\u00e0 futura e sulla loro riproducibilit\u00e0.<\/p>\n<p>Programma della Conferenza EPEA 2023: <a href=\"https:\/\/www.epea.org\/conference-program\/\">https:\/\/www.epea.org\/conference-program\/<\/a><\/p><p><br><\/p><p><br><\/p>\n<p><\/p>\n<p><b>Riunioni di progetto<\/b><\/p>\n<p><b>&nbsp;<\/b><\/p>\n<p>I partner del progetto si incontreranno in presenza cinque volte durante la durata del progetto, al fine di supervisionare con successo l'avanzamento delle attivit\u00e0 del progetto e di realizzare i risultati specificati secondo il calendario definito.<\/p>\n<p><\/p>\n<ul><li>&nbsp;Riunione del progetto transnazionale Skills4Life ad Atene, 18-19 novembre 2021: Foto e Agenda<\/li><li>&nbsp;Riunione transnazionale del progetto Skills4Life a Montreuil Bellan, Francia, 5-6 aprile 2022<sup>th<\/sup>5-6 aprile 2022: Foto e Agenda<\/li><li>&nbsp;Riunione del progetto transnazionale Skills4Life a Cheltenham, Regno Unito, 15 novembre 2022: Foto<\/li><li>&nbsp;Riunione del progetto transnazionale Skills4Life a Palermo, Italia, 31 marzo 2023: Agenda, foto<\/li><li>&nbsp;Riunione del progetto transnazionale Skills4Life a T\u00f8nsberg, Norvegia, 17 giugno 2023<\/li><\/ul>\t\t\t\t\t\t\t\t<\/div>\n\t\t\t\t<\/div>\n\t\t\t\t\t<\/div>\n\t\t<\/div>\n\t\t\t\t\t<\/div>\n\t\t<\/section>\n\t\t\t\t<\/div>","protected":false},"excerpt":{"rendered":"<p>Project Activities Multiplier Events &nbsp; &nbsp;Four Multiplier events- one in each participating country will be organized by project partners in order to promote the project\u2019s Intellectual Outputs and results. Each event will specifically target prison governors, prison professionals, penitentiary personnel, researchers, policy makers, government officials, prison schools, civil society organisations, youth organisations, NGOs, practitioners in [&hellip;]<\/p>\n","protected":false},"author":1,"featured_media":0,"parent":0,"menu_order":0,"comment_status":"closed","ping_status":"closed","template":"","meta":{"site-sidebar-layout":"no-sidebar","site-content-layout":"page-builder","ast-site-content-layout":"default","site-content-style":"default","site-sidebar-style":"default","ast-global-header-display":"","ast-banner-title-visibility":"","ast-main-header-display":"","ast-hfb-above-header-display":"","ast-hfb-below-header-display":"","ast-hfb-mobile-header-display":"","site-post-title":"disabled","ast-breadcrumbs-content":"","ast-featured-img":"disabled","footer-sml-layout":"","ast-disable-related-posts":"","theme-transparent-header-meta":"enabled","adv-header-id-meta":"","stick-header-meta":"","header-above-stick-meta":"","header-main-stick-meta":"","header-below-stick-meta":"","astra-migrate-meta-layouts":"default","ast-page-background-enabled":"default","ast-page-background-meta":{"desktop":{"background-color":"var(--ast-global-color-4)","background-image":"","background-repeat":"repeat","background-position":"center center","background-size":"auto","background-attachment":"scroll","background-type":"","background-media":"","overlay-type":"","overlay-color":"","overlay-opacity":"","overlay-gradient":""},"tablet":{"background-color":"","background-image":"","background-repeat":"repeat","background-position":"center center","background-size":"auto","background-attachment":"scroll","background-type":"","background-media":"","overlay-type":"","overlay-color":"","overlay-opacity":"","overlay-gradient":""},"mobile":{"background-color":"","background-image":"","background-repeat":"repeat","background-position":"center center","background-size":"auto","background-attachment":"scroll","background-type":"","background-media":"","overlay-type":"","overlay-color":"","overlay-opacity":"","overlay-gradient":""}},"ast-content-background-meta":{"desktop":{"background-color":"var(--ast-global-color-5)","background-image":"","background-repeat":"repeat","background-position":"center center","background-size":"auto","background-attachment":"scroll","background-type":"","background-media":"","overlay-type":"","overlay-color":"","overlay-opacity":"","overlay-gradient":""},"tablet":{"background-color":"var(--ast-global-color-5)","background-image":"","background-repeat":"repeat","background-position":"center center","background-size":"auto","background-attachment":"scroll","background-type":"","background-media":"","overlay-type":"","overlay-color":"","overlay-opacity":"","overlay-gradient":""},"mobile":{"background-color":"var(--ast-global-color-5)","background-image":"","background-repeat":"repeat","background-position":"center center","background-size":"auto","background-attachment":"scroll","background-type":"","background-media":"","overlay-type":"","overlay-color":"","overlay-opacity":"","overlay-gradient":""}},"footnotes":""},"class_list":["post-1936","page","type-page","status-publish","hentry"],"_links":{"self":[{"href":"https:\/\/skills4life-project.com\/it\/wp-json\/wp\/v2\/pages\/1936","targetHints":{"allow":["GET"]}}],"collection":[{"href":"https:\/\/skills4life-project.com\/it\/wp-json\/wp\/v2\/pages"}],"about":[{"href":"https:\/\/skills4life-project.com\/it\/wp-json\/wp\/v2\/types\/page"}],"author":[{"embeddable":true,"href":"https:\/\/skills4life-project.com\/it\/wp-json\/wp\/v2\/users\/1"}],"replies":[{"embeddable":true,"href":"https:\/\/skills4life-project.com\/it\/wp-json\/wp\/v2\/comments?post=1936"}],"version-history":[{"count":13,"href":"https:\/\/skills4life-project.com\/it\/wp-json\/wp\/v2\/pages\/1936\/revisions"}],"predecessor-version":[{"id":2679,"href":"https:\/\/skills4life-project.com\/it\/wp-json\/wp\/v2\/pages\/1936\/revisions\/2679"}],"wp:attachment":[{"href":"https:\/\/skills4life-project.com\/it\/wp-json\/wp\/v2\/media?parent=1936"}],"curies":[{"name":"wp","href":"https:\/\/api.w.org\/{rel}","templated":true}]}}